{"id":4476,"date":"2022-12-02T23:13:49","date_gmt":"2022-12-02T22:13:49","guid":{"rendered":"https:\/\/lecompostelle-tusson.fr\/the-midi-bistro\/"},"modified":"2024-01-11T10:08:43","modified_gmt":"2024-01-11T09:08:43","slug":"lunch-menu","status":"publish","type":"page","link":"https:\/\/lecompostelle-tusson.fr\/en\/lunch-menu\/","title":{"rendered":"Lunch Menu"},"content":{"rendered":"<section class=\"wpb-content-wrapper\"><p>[vc_row][vc_column offset=&#8221;vc_hidden-xs&#8221;]<div class=\"mkdf-elements-holder   mkdf-one-column  mkdf-responsive-mode-768 \" ><div class=\"mkdf-eh-item    \"  data-item-class=\"mkdf-eh-custom-8308\">\n\t<div class=\"mkdf-eh-item-inner\">\n\t\t<div class=\"mkdf-eh-item-content mkdf-eh-custom-8308\" >\n\t\t\t[vc_single_image image=&#8221;4121&#8243; img_size=&#8221;full&#8221; alignment=&#8221;center&#8221;]\t\t<\/div>\n\t<\/div>\n<\/div><\/div>[\/vc_column][\/vc_row][vc_row disable_background_image=&#8221;&#8221; simple_background_image=&#8221;3376&#8243; background_image_position=&#8221;top center&#8221; css=&#8221;.vc_custom_1670028200748{margin-top: 100px !important;}&#8221;][vc_column][vc_empty_space height=&#8221;74px&#8221;][vc_row_inner][vc_column_inner offset=&#8221;vc_col-lg-4 vc_col-md-4 vc_hidden-sm vc_col-xs-12 vc_hidden-xs&#8221;]<div class=\"mkdf-single-image-holder    \" >\n    <div class=\"mkdf-si-inner\" >\n                                    <img decoding=\"async\" width=\"280\" height=\"543\" src=\"https:\/\/lecompostelle-tusson.fr\/wp-content\/uploads\/2022\/12\/Menu_Midi_1-1.jpg\" class=\"attachment-full size-full\" alt=\"\" srcset=\"https:\/\/lecompostelle-tusson.fr\/wp-content\/uploads\/2022\/12\/Menu_Midi_1-1.jpg 280w, https:\/\/lecompostelle-tusson.fr\/wp-content\/uploads\/2022\/12\/Menu_Midi_1-1-155x300.jpg 155w\" sizes=\"(max-width: 280px) 100vw, 280px\" \/>                        <\/div>\n<\/div>[\/vc_column_inner][vc_column_inner offset=&#8221;vc_col-lg-4 vc_col-md-offset-0 vc_col-md-4 vc_col-sm-offset-0 vc_col-xs-12&#8243;][vc_column_text]<\/p>\n<div class=\"menu-midi\">\n<h1>THE MIDI BISTRO<\/h1>\n<p>Excluding public holidays, bridges and holidays<\/p>\n<p>The Market Menu changes every week depending on the seasonal products, deliveries and the Chef&#8217;s imagination.<br \/>\nSample menu below. View this week&#8217;s menu on <a class=\"logis\" href=\"https:\/\/facebook.com\/Le.compostelle\" target=\"_blank\" rel=\"noopener\">Facebook<\/a>.<\/p>\n<\/div>\n<p>[\/vc_column_text]<div class=\"mkdf-elements-holder   mkdf-one-column  mkdf-responsive-mode-768 \" ><div class=\"mkdf-eh-item    \"  data-item-class=\"mkdf-eh-custom-3789\" data-1367-1600=\"90px 0 450px 8%\" data-1025-1366=\"110px 0 450px 17%\" data-769-1024=\"3% 0 441px 17%\" data-681-768=\"60px 0 450px 24%\" data-680=\"36px 5% 450px 5%\">\n\t<div class=\"mkdf-eh-item-inner\">\n\t\t<div class=\"mkdf-eh-item-content mkdf-eh-custom-3789\" style=\"padding: 90px 0 450px 24%\">\n\t\t\t[vc_column_text]<\/p>\n<h3>Market menu&#8230; <span class=\"price\">24\u20ac<\/span><\/h3>\n<div class=\"vlmenu\"><\/div>\n<p>[\/vc_column_text][vc_column_text css=&#8221;.vc_custom_1671547757986{margin-bottom: 40px !important;}&#8221;]<b>Starters :<\/b><br \/>\nMelon flavoured with Rosemary, Smoked Haddock<br \/>\nor<br \/>\nCrispy Veal Sweetbreads with Porcini<br \/>\n<span class=\"supplement\">Extra charge \u20ac6<\/span>[\/vc_column_text][vc_column_text css=&#8221;.vc_custom_1671547826923{margin-bottom: 40px !important;}&#8221;]<b>Main courses :<\/b><br \/>\nGreen sauce Hake fillet, grilled vegetables<br \/>\nor<br \/>\nBeef chuck, sauce vierge[\/vc_column_text][vc_column_text]<b>Desserts (to be ordered at the beginning of the meal):<\/b><br \/>\nPlate of cheese<br \/>\nor<br \/>\nReine-Claude Clafouti<br \/>\nor<br \/>\nChocolate Soup<br \/>\n<span class=\"supplement\">(Extra charge \u20ac4)<\/span>[\/vc_column_text]\t\t<\/div>\n\t<\/div>\n<\/div><\/div>[\/vc_column_inner][vc_column_inner el_class=&#8221;align-img-right&#8221; offset=&#8221;vc_col-lg-4 vc_col-md-4 vc_hidden-sm vc_col-xs-12 vc_hidden-xs&#8221;]<div class=\"mkdf-single-image-holder    \" >\n    <div class=\"mkdf-si-inner\" >\n                                    <img decoding=\"async\" width=\"437\" height=\"680\" src=\"https:\/\/lecompostelle-tusson.fr\/wp-content\/uploads\/2022\/12\/Menu_Midi_2-1.jpg\" class=\"attachment-full size-full\" alt=\"\" srcset=\"https:\/\/lecompostelle-tusson.fr\/wp-content\/uploads\/2022\/12\/Menu_Midi_2-1.jpg 437w, https:\/\/lecompostelle-tusson.fr\/wp-content\/uploads\/2022\/12\/Menu_Midi_2-1-193x300.jpg 193w\" sizes=\"(max-width: 437px) 100vw, 437px\" \/>                        <\/div>\n<\/div>[\/vc_column_inner][\/vc_row_inner][vc_row_inner css=&#8221;.vc_custom_1670024075567{padding-top: 50px !important;}&#8221;][vc_column_inner width=&#8221;3\/4&#8243; offset=&#8221;vc_col-lg-3\/5 vc_col-md-3\/5 vc_col-sm-offset-0 vc_col-xs-12&#8243; css=&#8221;.vc_custom_1697535306539{margin-top: -500px !important;}&#8221;]<div class=\"mkdf-elements-holder   mkdf-one-column  mkdf-responsive-mode-768 \" ><div class=\"mkdf-eh-item    \"  data-item-class=\"mkdf-eh-custom-5322\" data-1367-1600=\"90px 0 450px 8%\" data-1025-1366=\"110px 0 450px 17%\" data-769-1024=\"3% 0 441px 17%\" data-681-768=\"60px 0 450px 24%\" data-680=\"36px 5% 450px 5%\">\n\t<div class=\"mkdf-eh-item-inner\">\n\t\t<div class=\"mkdf-eh-item-content mkdf-eh-custom-5322\" style=\"padding: 90px 0 450px 24%\">\n\t\t\t[vc_column_text]<\/p>\n<h3>Pr\u00e9mices du Midi&#8230; <span class=\"price\">45\u20ac<\/span><\/h3>\n<div class=\"vlmenu\"><\/div>\n<p>[\/vc_column_text][vc_column_text css=&#8221;.vc_custom_1704964121213{margin-bottom: 40px !important;}&#8221;]<b>Starters :<\/b><\/p>\n<p>D\u00e9clinaison de Concombre et Anguille Fum\u00e9e<\/p>\n<p>or<\/p>\n<p>Foie Gras Maison aux Parfums d\u2019ici et d\u2019ailleurs<\/p>\n<p><span class=\"supplement\">(Extra charge \u20ac4)<\/span>[\/vc_column_text][vc_column_text css=&#8221;.vc_custom_1687611922004{margin-bottom: 40px !important;}&#8221;]<b>Plat :<\/b><\/p>\n<p>Veau Fran\u00e7ais et Homard de nos C\u00f4tes[\/vc_column_text][vc_column_text]<b>Desserts (to be ordered at the beginning of the meal):<\/b><br \/>\nPlate of cheese<br \/>\nor<\/p>\n<p>Tartelette P\u00eache au D\u00e9lices des Pierri\u00e8res<\/p>\n<p>or<br \/>\nChocolate Soup[\/vc_column_text]\t\t<\/div>\n\t<\/div>\n<\/div><\/div>[\/vc_column_inner][vc_column_inner width=&#8221;1\/4&#8243; css=&#8221;.vc_custom_1697535219294{margin-top: -313px !important;}&#8221; offset=&#8221;vc_col-lg-2\/5 vc_col-md-2\/5 vc_hidden-sm vc_col-xs-12 vc_hidden-xs&#8221;]<div class=\"mkdf-elements-holder   mkdf-one-column  mkdf-responsive-mode-768 \" ><div class=\"mkdf-eh-item    \"  data-item-class=\"mkdf-eh-custom-8595\" data-769-1024=\"32% 0 0 28%\" data-680=\"0 12% 0 12%\">\n\t<div class=\"mkdf-eh-item-inner\">\n\t\t<div class=\"mkdf-eh-item-content mkdf-eh-custom-8595\" style=\"padding: 0 0% 0 9%\">\n\t\t\t<div class=\"mkdf-single-image-holder    \" >\n    <div class=\"mkdf-si-inner\" style=\"z-index: 10\">\n                                    <img decoding=\"async\" width=\"537\" height=\"312\" src=\"https:\/\/lecompostelle-tusson.fr\/wp-content\/uploads\/2022\/12\/Menu_Midi_3-1.jpg\" class=\"attachment-full size-full\" alt=\"\" srcset=\"https:\/\/lecompostelle-tusson.fr\/wp-content\/uploads\/2022\/12\/Menu_Midi_3-1.jpg 537w, https:\/\/lecompostelle-tusson.fr\/wp-content\/uploads\/2022\/12\/Menu_Midi_3-1-300x174.jpg 300w\" sizes=\"(max-width: 537px) 100vw, 537px\" \/>                        <\/div>\n<\/div>\t\t<\/div>\n\t<\/div>\n<\/div><\/div>[\/vc_column_inner][\/vc_row_inner][vc_row_inner css=&#8221;.vc_custom_1670024075567{padding-top: 50px !important;}&#8221;][vc_column_inner offset=&#8221;vc_col-lg-4 vc_col-md-4 vc_hidden-sm vc_hidden-xs&#8221;][\/vc_column_inner][vc_column_inner offset=&#8221;vc_col-lg-4 vc_col-md-offset-0 vc_col-md-4 vc_col-sm-offset-0 vc_col-xs-12&#8243; css=&#8221;.vc_custom_1697535311548{margin-top: -500px !important;}&#8221;]<div class=\"mkdf-elements-holder   mkdf-one-column  mkdf-responsive-mode-768 \" ><div class=\"mkdf-eh-item    \"  data-item-class=\"mkdf-eh-custom-5911\" data-1367-1600=\"120px 0% 0 30%\" data-1025-1366=\"210px 0% 0 35%\" data-769-1024=\"50px 4% 0 22%\" data-681-768=\"40px 0% 0% 22%\" data-680=\"40px 7% 0% 7%\">\n\t<div class=\"mkdf-eh-item-inner\">\n\t\t<div class=\"mkdf-eh-item-content mkdf-eh-custom-5911\" style=\"padding: 78px 0% 0 20%\">\n\t\t\t[vc_column_text]<\/p>\n<h3>A LA CARTE<\/h3>\n<div class=\"vlmenu\"><\/div>\n<p>[\/vc_column_text][vc_column_text css=&#8221;.vc_custom_1684350775637{margin-bottom: 40px !important;}&#8221;]<b>Starters :<\/b><\/p>\n<p>Homemade Foie Gras, Cognac Belchard Chutney\u2026 <span class=\"supplement\">\u20ac16<\/span>[\/vc_column_text][vc_column_text css=&#8221;.vc_custom_1687612048254{margin-bottom: 40px !important;}&#8221;]<b>Dishes :<\/b><br \/>\nMatured rib steak &#8220;VBF\u201d (French Beef) &#8230; <span class=\"supplement\">\u20ac23<\/span><br \/>\nRib Steak for 2 (various origins on request) &#8230; <span class=\"supplement\">\u20ac75<\/span>[\/vc_column_text][vc_column_text]<b>Desserts (to be ordered at the beginning of the meal):<\/b><br \/>\nA selection of cheeses &#8230; <span class=\"supplement\">\u20ac10<\/span><br \/>\n&#8220;Jivara&#8221; chocolate soup &#8230; <span class=\"supplement\">\u20ac8<\/span><\/p>\n<p>Dessert of the Moment \u2026 <span class=\"supplement\">\u20ac8<\/span>[\/vc_column_text]\t\t<\/div>\n\t<\/div>\n<\/div><\/div>[\/vc_column_inner][vc_column_inner offset=&#8221;vc_col-lg-4 vc_col-md-4 vc_hidden-sm vc_hidden-xs&#8221;][\/vc_column_inner][\/vc_row_inner][vc_row_inner][vc_column_inner offset=&#8221;vc_col-lg-4 vc_col-md-12 vc_hidden-md vc_hidden-sm vc_col-xs-12 vc_hidden-xs&#8221;]<div class=\"mkdf-elements-holder   mkdf-one-column  mkdf-responsive-mode-768 \" ><div class=\"mkdf-eh-item    \"  data-item-class=\"mkdf-eh-custom-6807\" data-769-1024=\"10% 0 0 19%\" data-681-768=\"17% 0% 0 23%\" data-680=\"0% 10% 0 10%\">\n\t<div class=\"mkdf-eh-item-inner\">\n\t\t<div class=\"mkdf-eh-item-content mkdf-eh-custom-6807\" style=\"padding: 20% 0% 0 20%\">\n\t\t\t<div class=\"mkdf-single-image-holder    \" >\n    <div class=\"mkdf-si-inner\" >\n                                    <img decoding=\"async\" width=\"247\" height=\"377\" src=\"https:\/\/lecompostelle-tusson.fr\/wp-content\/uploads\/2022\/12\/Menu_Midi_5-1.jpg\" class=\"attachment-full size-full\" alt=\"\" srcset=\"https:\/\/lecompostelle-tusson.fr\/wp-content\/uploads\/2022\/12\/Menu_Midi_5-1.jpg 247w, https:\/\/lecompostelle-tusson.fr\/wp-content\/uploads\/2022\/12\/Menu_Midi_5-1-197x300.jpg 197w\" sizes=\"(max-width: 247px) 100vw, 247px\" \/>                        <\/div>\n<\/div>\t\t<\/div>\n\t<\/div>\n<\/div><\/div>[\/vc_column_inner][vc_column_inner offset=&#8221;vc_col-lg-4 vc_col-md-offset-0 vc_col-md-12 vc_col-sm-offset-0 vc_col-xs-12&#8243;]<div class=\"mkdf-elements-holder   mkdf-one-column  mkdf-responsive-mode-768 \" ><div class=\"mkdf-eh-item    \"  data-item-class=\"mkdf-eh-custom-6334\">\n\t<div class=\"mkdf-eh-item-inner\">\n\t\t<div class=\"mkdf-eh-item-content mkdf-eh-custom-6334\" style=\"padding: 120px 0 0 0\">\n\t\t\t[vc_column_text css=&#8221;.vc_custom_1697537563300{padding-left: 25% !important;}&#8221;]<\/p>\n<h3 style=\"text-align: left;\">FOOD AND WINE PAIRING<\/h3>\n<div class=\"vlmenu\"><\/div>\n<p>[\/vc_column_text][vc_column_text css=&#8221;.vc_custom_1697537577437{margin-bottom: 40px !important;padding-left: 25% !important;}&#8221;]<\/p>\n<p style=\"text-align: left;\">A selection of the best food and wine pairings by C\u00e9cile, Ma\u00eetre sommelier, according to your menu.<\/p>\n<p>[\/vc_column_text][vc_raw_html]JTNDZGl2JTIwc3R5bGUlM0QlMjJkaXNwbGF5JTNBJTIwZmxleCUzQiUyMGp1c3RpZnktY29udGVudCUzQSUyMGNlbnRlciUzQiUyMGFsaWduLWl0ZW1zJTNBJTIwY2VudGVyJTNCJTIyJTNFJTBBJTNDYSUyMGhyZWYlM0QlMjJodHRwcyUzQSUyRiUyRmNvbXBvc3RlbGxlLnN0YWdpbmc0Mi5vdmglMkZlbiUyRm9mZmVyJTJGJTIyJTIwdGFyZ2V0JTNEJTIyX3NlbGYlMjIlMjBjbGFzcyUzRCUyMm1rZGYtYnRuJTIwbWtkZi1idG4tbWVkaXVtJTIwbWtkZi1idG4tc2ltcGxlJTIyJTIwc3R5bGUlM0QlMjJtYXJnaW4tcmlnaHQlM0ExMCUyNSUzQiUyMiUzRSUwQSUwOSUyMCUyMCUyMCUyMCUyMCUyMCUyMCUyMCUzQ3NwYW4lMjBjbGFzcyUzRCUyMm1rZGYtYnRuLWxpbmUlMjIlM0UlM0MlMkZzcGFuJTNFJTBBJTA5JTIwJTIwJTIwJTIwJTNDc3BhbiUyMGNsYXNzJTNEJTIybWtkZi1idG4tdGV4dCUyMiUzRVRPJTIwT0ZGRVIlM0MlMkZzcGFuJTNFJTBBJTIwJTIwJTIwJTIwJTNDJTJGYSUzRSUzQ2ElMjBocmVmJTNEJTIyaHR0cHMlM0ElMkYlMkZjb21wb3N0ZWxsZS5zdGFnaW5nNDIub3ZoJTJGZW4lMkZib29rJTJGJTIyJTIwdGFyZ2V0JTNEJTIyX3NlbGYlMjIlMjBjbGFzcyUzRCUyMm1rZGYtYnRuJTIwbWtkZi1idG4tbWVkaXVtJTIwbWtkZi1idG4tc2ltcGxlJTIyJTNFJTBBJTA5JTIwJTIwJTIwJTIwJTIwJTIwJTIwJTIwJTNDc3BhbiUyMGNsYXNzJTNEJTIybWtkZi1idG4tbGluZSUyMiUzRSUzQyUyRnNwYW4lM0UlMEElMDklMjAlMjAlMjAlMjAlM0NzcGFuJTIwY2xhc3MlM0QlMjJta2RmLWJ0bi10ZXh0JTIyJTNFQk9PS0lORyUzQyUyRnNwYW4lM0UlMEElMjAlMjAlMjAlMjAlM0MlMkZhJTNFJTBBJTNDJTJGZGl2JTNF[\/vc_raw_html]\t\t<\/div>\n\t<\/div>\n<\/div><\/div>[\/vc_column_inner][vc_column_inner el_class=&#8221;align-img-right&#8221; offset=&#8221;vc_col-lg-4 vc_col-md-12 vc_hidden-md vc_hidden-sm vc_col-xs-12 vc_hidden-xs&#8221;]<div class=\"mkdf-elements-holder   mkdf-one-column  mkdf-responsive-mode-768 \" ><div class=\"mkdf-eh-item    \"  data-item-class=\"mkdf-eh-custom-1238\">\n\t<div class=\"mkdf-eh-item-inner\">\n\t\t<div class=\"mkdf-eh-item-content mkdf-eh-custom-1238\" >\n\t\t\t<div class=\"mkdf-single-image-holder    \" >\n    <div class=\"mkdf-si-inner\" >\n                                    <img decoding=\"async\" width=\"329\" height=\"571\" src=\"https:\/\/lecompostelle-tusson.fr\/wp-content\/uploads\/2022\/12\/Menu_Midi_4-1.jpg\" class=\"attachment-full size-full\" alt=\"\" srcset=\"https:\/\/lecompostelle-tusson.fr\/wp-content\/uploads\/2022\/12\/Menu_Midi_4-1.jpg 329w, https:\/\/lecompostelle-tusson.fr\/wp-content\/uploads\/2022\/12\/Menu_Midi_4-1-173x300.jpg 173w\" sizes=\"(max-width: 329px) 100vw, 329px\" \/>                        <\/div>\n<\/div>\t\t<\/div>\n\t<\/div>\n<\/div><\/div>[\/vc_column_inner][\/vc_row_inner][vc_empty_space height=&#8221;100px&#8221;][\/vc_column][\/vc_row][vc_row][vc_column][vc_empty_space height=&#8221;100px&#8221;][\/vc_column][\/vc_row]<\/p>\n<\/section>","protected":false},"excerpt":{"rendered":"<p>[vc_row][vc_column offset=&#8221;vc_hidden-xs&#8221;][\/vc_column][\/vc_row][vc_row disable_background_image=&#8221;&#8221; simple_background_image=&#8221;3376&#8243; background_image_position=&#8221;top center&#8221; css=&#8221;.vc_custom_1670028200748{margin-top: 100px !important;}&#8221;][vc_column][vc_empty_space height=&#8221;74px&#8221;][vc_row_inner][vc_column_inner offset=&#8221;vc_col-lg-4 vc_col-md-4 vc_hidden-sm vc_col-xs-12 vc_hidden-xs&#8221;][\/vc_column_inner][vc_column_inner offset=&#8221;vc_col-lg-4 vc_col-md-offset-0 vc_col-md-4 vc_col-sm-offset-0 vc_col-xs-12&#8243;][vc_column_text] THE MIDI BISTRO Excluding public holidays, bridges and holidays The Market Menu changes every week depending on the seasonal products, [&hellip;]<\/p>\n","protected":false},"author":1,"featured_media":0,"parent":0,"menu_order":0,"comment_status":"closed","ping_status":"closed","template":"full-width.php","meta":{"inline_featured_image":false,"footnotes":""},"class_list":["post-4476","page","type-page","status-publish","hentry"],"yoast_head":"<!-- This site is optimized with the Yoast SEO plugin v21.9.1 - https:\/\/yoast.com\/wordpress\/plugins\/seo\/ -->\n<title>Lunch Menu - Le compostelle<\/title>\n<meta name=\"robots\" content=\"index, follow, max-snippet:-1, max-image-preview:large, max-video-preview:-1\" \/>\n<link rel=\"canonical\" href=\"https:\/\/lecompostelle-tusson.fr\/en\/lunch-menu\/\" \/>\n<meta property=\"og:locale\" content=\"en_US\" \/>\n<meta property=\"og:type\" content=\"article\" \/>\n<meta property=\"og:title\" content=\"Lunch Menu - Le compostelle\" \/>\n<meta property=\"og:description\" content=\"[vc_row][vc_column offset=&#8221;vc_hidden-xs&#8221;][\/vc_column][\/vc_row][vc_row disable_background_image=&#8221;&#8221; simple_background_image=&#8221;3376&#8243; background_image_position=&#8221;top center&#8221; css=&#8221;.vc_custom_1670028200748{margin-top: 100px !important;}&#8221;][vc_column][vc_empty_space height=&#8221;74px&#8221;][vc_row_inner][vc_column_inner offset=&#8221;vc_col-lg-4 vc_col-md-4 vc_hidden-sm vc_col-xs-12 vc_hidden-xs&#8221;][\/vc_column_inner][vc_column_inner offset=&#8221;vc_col-lg-4 vc_col-md-offset-0 vc_col-md-4 vc_col-sm-offset-0 vc_col-xs-12&#8243;][vc_column_text] THE MIDI BISTRO Excluding public holidays, bridges and holidays The Market Menu changes every week depending on the seasonal products, [&hellip;]\" \/>\n<meta property=\"og:url\" content=\"https:\/\/lecompostelle-tusson.fr\/en\/lunch-menu\/\" \/>\n<meta property=\"og:site_name\" content=\"Le compostelle\" \/>\n<meta property=\"article:modified_time\" content=\"2024-01-11T09:08:43+00:00\" \/>\n<meta name=\"twitter:card\" content=\"summary_large_image\" \/>\n<meta name=\"twitter:label1\" content=\"Est. reading time\" \/>\n\t<meta name=\"twitter:data1\" content=\"3 minutes\" \/>\n<script type=\"application\/ld+json\" class=\"yoast-schema-graph\">{\"@context\":\"https:\/\/schema.org\",\"@graph\":[{\"@type\":\"WebPage\",\"@id\":\"https:\/\/lecompostelle-tusson.fr\/en\/lunch-menu\/\",\"url\":\"https:\/\/lecompostelle-tusson.fr\/en\/lunch-menu\/\",\"name\":\"Lunch Menu - Le compostelle\",\"isPartOf\":{\"@id\":\"https:\/\/lecompostelle-tusson.fr\/en\/#website\"},\"datePublished\":\"2022-12-02T22:13:49+00:00\",\"dateModified\":\"2024-01-11T09:08:43+00:00\",\"breadcrumb\":{\"@id\":\"https:\/\/lecompostelle-tusson.fr\/en\/lunch-menu\/#breadcrumb\"},\"inLanguage\":\"en-US\",\"potentialAction\":[{\"@type\":\"ReadAction\",\"target\":[\"https:\/\/lecompostelle-tusson.fr\/en\/lunch-menu\/\"]}]},{\"@type\":\"BreadcrumbList\",\"@id\":\"https:\/\/lecompostelle-tusson.fr\/en\/lunch-menu\/#breadcrumb\",\"itemListElement\":[{\"@type\":\"ListItem\",\"position\":1,\"name\":\"Accueil\",\"item\":\"https:\/\/lecompostelle-tusson.fr\/en\/\"},{\"@type\":\"ListItem\",\"position\":2,\"name\":\"Lunch Menu\"}]},{\"@type\":\"WebSite\",\"@id\":\"https:\/\/lecompostelle-tusson.fr\/en\/#website\",\"url\":\"https:\/\/lecompostelle-tusson.fr\/en\/\",\"name\":\"Le compostelle\",\"description\":\"\",\"potentialAction\":[{\"@type\":\"SearchAction\",\"target\":{\"@type\":\"EntryPoint\",\"urlTemplate\":\"https:\/\/lecompostelle-tusson.fr\/en\/?s={search_term_string}\"},\"query-input\":\"required name=search_term_string\"}],\"inLanguage\":\"en-US\"}]}<\/script>\n<!-- \/ Yoast SEO plugin. -->","yoast_head_json":{"title":"Lunch Menu - Le compostelle","robots":{"index":"index","follow":"follow","max-snippet":"max-snippet:-1","max-image-preview":"max-image-preview:large","max-video-preview":"max-video-preview:-1"},"canonical":"https:\/\/lecompostelle-tusson.fr\/en\/lunch-menu\/","og_locale":"en_US","og_type":"article","og_title":"Lunch Menu - Le compostelle","og_description":"[vc_row][vc_column offset=&#8221;vc_hidden-xs&#8221;][\/vc_column][\/vc_row][vc_row disable_background_image=&#8221;&#8221; simple_background_image=&#8221;3376&#8243; background_image_position=&#8221;top center&#8221; css=&#8221;.vc_custom_1670028200748{margin-top: 100px !important;}&#8221;][vc_column][vc_empty_space height=&#8221;74px&#8221;][vc_row_inner][vc_column_inner offset=&#8221;vc_col-lg-4 vc_col-md-4 vc_hidden-sm vc_col-xs-12 vc_hidden-xs&#8221;][\/vc_column_inner][vc_column_inner offset=&#8221;vc_col-lg-4 vc_col-md-offset-0 vc_col-md-4 vc_col-sm-offset-0 vc_col-xs-12&#8243;][vc_column_text] THE MIDI BISTRO Excluding public holidays, bridges and holidays The Market Menu changes every week depending on the seasonal products, [&hellip;]","og_url":"https:\/\/lecompostelle-tusson.fr\/en\/lunch-menu\/","og_site_name":"Le compostelle","article_modified_time":"2024-01-11T09:08:43+00:00","twitter_card":"summary_large_image","twitter_misc":{"Est. reading time":"3 minutes"},"schema":{"@context":"https:\/\/schema.org","@graph":[{"@type":"WebPage","@id":"https:\/\/lecompostelle-tusson.fr\/en\/lunch-menu\/","url":"https:\/\/lecompostelle-tusson.fr\/en\/lunch-menu\/","name":"Lunch Menu - Le compostelle","isPartOf":{"@id":"https:\/\/lecompostelle-tusson.fr\/en\/#website"},"datePublished":"2022-12-02T22:13:49+00:00","dateModified":"2024-01-11T09:08:43+00:00","breadcrumb":{"@id":"https:\/\/lecompostelle-tusson.fr\/en\/lunch-menu\/#breadcrumb"},"inLanguage":"en-US","potentialAction":[{"@type":"ReadAction","target":["https:\/\/lecompostelle-tusson.fr\/en\/lunch-menu\/"]}]},{"@type":"BreadcrumbList","@id":"https:\/\/lecompostelle-tusson.fr\/en\/lunch-menu\/#breadcrumb","itemListElement":[{"@type":"ListItem","position":1,"name":"Accueil","item":"https:\/\/lecompostelle-tusson.fr\/en\/"},{"@type":"ListItem","position":2,"name":"Lunch Menu"}]},{"@type":"WebSite","@id":"https:\/\/lecompostelle-tusson.fr\/en\/#website","url":"https:\/\/lecompostelle-tusson.fr\/en\/","name":"Le compostelle","description":"","potentialAction":[{"@type":"SearchAction","target":{"@type":"EntryPoint","urlTemplate":"https:\/\/lecompostelle-tusson.fr\/en\/?s={search_term_string}"},"query-input":"required name=search_term_string"}],"inLanguage":"en-US"}]}},"_links":{"self":[{"href":"https:\/\/lecompostelle-tusson.fr\/en\/wp-json\/wp\/v2\/pages\/4476","targetHints":{"allow":["GET"]}}],"collection":[{"href":"https:\/\/lecompostelle-tusson.fr\/en\/wp-json\/wp\/v2\/pages"}],"about":[{"href":"https:\/\/lecompostelle-tusson.fr\/en\/wp-json\/wp\/v2\/types\/page"}],"author":[{"embeddable":true,"href":"https:\/\/lecompostelle-tusson.fr\/en\/wp-json\/wp\/v2\/users\/1"}],"replies":[{"embeddable":true,"href":"https:\/\/lecompostelle-tusson.fr\/en\/wp-json\/wp\/v2\/comments?post=4476"}],"version-history":[{"count":0,"href":"https:\/\/lecompostelle-tusson.fr\/en\/wp-json\/wp\/v2\/pages\/4476\/revisions"}],"wp:attachment":[{"href":"https:\/\/lecompostelle-tusson.fr\/en\/wp-json\/wp\/v2\/media?parent=4476"}],"curies":[{"name":"wp","href":"https:\/\/api.w.org\/{rel}","templated":true}]}}