{"id":4485,"date":"2022-12-03T02:00:48","date_gmt":"2022-12-03T01:00:48","guid":{"rendered":"https:\/\/lecompostelle-tusson.fr\/the-evening-sunday-experience\/"},"modified":"2024-01-11T09:49:52","modified_gmt":"2024-01-11T08:49:52","slug":"evening-and-sunday-menu","status":"publish","type":"page","link":"https:\/\/lecompostelle-tusson.fr\/en\/evening-and-sunday-menu\/","title":{"rendered":"Evening and Sunday Menu"},"content":{"rendered":"<section class=\"wpb-content-wrapper\"><p>[vc_row][vc_column offset=&#8221;vc_hidden-xs&#8221;]<div class=\"mkdf-elements-holder   mkdf-one-column  mkdf-responsive-mode-768 \" ><div class=\"mkdf-eh-item    \"  data-item-class=\"mkdf-eh-custom-3162\">\n\t<div class=\"mkdf-eh-item-inner\">\n\t\t<div class=\"mkdf-eh-item-content mkdf-eh-custom-3162\" >\n\t\t\t[vc_single_image image=&#8221;4122&#8243; img_size=&#8221;full&#8221; alignment=&#8221;center&#8221;]\t\t<\/div>\n\t<\/div>\n<\/div><\/div>[\/vc_column][\/vc_row][vc_row disable_background_image=&#8221;&#8221; simple_background_image=&#8221;3376&#8243; background_image_position=&#8221;top center&#8221; css=&#8221;.vc_custom_1670028200748{margin-top: 100px !important;}&#8221;][vc_column][vc_empty_space height=&#8221;74px&#8221;][vc_row_inner][vc_column_inner offset=&#8221;vc_col-lg-4 vc_col-md-4 vc_hidden-sm vc_col-xs-12 vc_hidden-xs&#8221;][\/vc_column_inner][vc_column_inner offset=&#8221;vc_col-lg-4 vc_col-md-offset-0 vc_col-md-4 vc_col-xs-12&#8243;][vc_column_text]<\/p>\n<div class=\"menu-midi\">\n<h1>THE EVENING &amp; SUNDAY EXPERIENCE<\/h1>\n<p>The Pr\u00e9mices and D\u00e9gustation menus change according to seasonal products, deliveries and the Chef&#8217;s imagination.<\/p>\n<\/div>\n<p>[\/vc_column_text][\/vc_column_inner][vc_column_inner el_class=&#8221;align-img-right&#8221; offset=&#8221;vc_col-lg-4 vc_col-md-4 vc_hidden-sm vc_col-xs-12 vc_hidden-xs&#8221;][\/vc_column_inner][\/vc_row_inner][vc_row_inner css=&#8221;.vc_custom_1670024075567{padding-top: 50px !important;}&#8221;][vc_column_inner offset=&#8221;vc_col-lg-4 vc_col-md-4 vc_hidden-md vc_hidden-sm vc_hidden-xs&#8221; css=&#8221;.vc_custom_1697538680491{margin-top: -300px !important;}&#8221;]<div class=\"mkdf-elements-holder   mkdf-one-column  mkdf-responsive-mode-768 \" ><div class=\"mkdf-eh-item    \"  data-item-class=\"mkdf-eh-custom-9216\" data-769-1024=\"32% 0 0 28%\" data-680=\"0 12% 0 12%\">\n\t<div class=\"mkdf-eh-item-inner\">\n\t\t<div class=\"mkdf-eh-item-content mkdf-eh-custom-9216\" style=\"padding: 0 0% 0 9%\">\n\t\t\t<div class=\"mkdf-single-image-holder    \" >\n    <div class=\"mkdf-si-inner\" >\n                                    <img decoding=\"async\" width=\"280\" height=\"543\" src=\"https:\/\/lecompostelle-tusson.fr\/wp-content\/uploads\/2022\/12\/Menu_Soir_1-1.jpg\" class=\"attachment-full size-full\" alt=\"\" srcset=\"https:\/\/lecompostelle-tusson.fr\/wp-content\/uploads\/2022\/12\/Menu_Soir_1-1.jpg 280w, https:\/\/lecompostelle-tusson.fr\/wp-content\/uploads\/2022\/12\/Menu_Soir_1-1-155x300.jpg 155w\" sizes=\"(max-width: 280px) 100vw, 280px\" \/>                        <\/div>\n<\/div>\t\t<\/div>\n\t<\/div>\n<\/div><\/div>[\/vc_column_inner][vc_column_inner width=&#8221;3\/4&#8243; offset=&#8221;vc_col-lg-4 vc_col-md-12 vc_col-xs-12&#8243;]<div class=\"mkdf-elements-holder   mkdf-one-column  mkdf-responsive-mode-768 \" ><div class=\"mkdf-eh-item    \"  data-item-class=\"mkdf-eh-custom-8235\" data-1367-1600=\"40px 0% 0 30%\" data-1025-1366=\"40px 0% 0 35%\" data-769-1024=\"40px 4% 0 22%\" data-681-768=\"40px 0% 0 20%\" data-680=\"40px 7% 0 7%\">\n\t<div class=\"mkdf-eh-item-inner\">\n\t\t<div class=\"mkdf-eh-item-content mkdf-eh-custom-8235\" style=\"padding: 78px 0% 0 10%\">\n\t\t\t[vc_column_text]<\/p>\n<h3>MENU PREMICES\u2026 <span class=\"price\">\u20ac45<\/span><\/h3>\n<div class=\"vlmenu\"><\/div>\n<p>[\/vc_column_text][vc_column_text css=&#8221;.vc_custom_1696661315907{margin-bottom: 40px !important;}&#8221;]<b>Starter :<\/b><\/p>\n<p>\u0152uf Bio, Lentilles givr\u00e9es et Bouillon de Champignons des Bois \u00e0 la Tanaisie<\/p>\n<p>Or<\/p>\n<p>Foie Gras Maison aux Parfums d\u2019ici et d\u2019ailleurs &#8220;Suppl\u00e9ment 5\u20ac&#8221;[\/vc_column_text][vc_column_text css=&#8221;.vc_custom_1696661429694{margin-bottom: 40px !important;}&#8221;]<b>Dishes :<\/b><\/p>\n<p>Cabillaud et Langoustines, Houmous Potimarrons<\/p>\n<p>or<\/p>\n<p>Cuisse de Canard Confite, Coings et C\u00e8pes Caram\u00e9lis\u00e9s<\/p>\n<p>Or<\/p>\n<p>Pigeon et Foie Gras en Croute de Sel<\/p>\n<p>&#8220;extra charge \u20ac10&#8221;<\/p>\n<p>&#8211;<br \/>\nOptional selection of cheeses<br \/>\n<span class=\"supplement\">&#8220;extra charge \u20ac10&#8221;<\/span><br \/>\n-[\/vc_column_text][vc_column_text css=&#8221;.vc_custom_1696661441272{margin-bottom: 40px !important;}&#8221;]<b>Dessert :<\/b><\/p>\n<p>Souffl\u00e9 Grand Marnier<\/p>\n<p>&#8220;extra charge \u20ac5&#8221;<\/p>\n<p>Or<\/p>\n<p>&#8220;Jivara&#8221; chocolate soup<\/p>\n<p>Or<\/p>\n<p>Figues R\u00f4ties au Vieux Pineau des Charentes[\/vc_column_text]\t\t<\/div>\n\t<\/div>\n<\/div><\/div>[\/vc_column_inner][vc_column_inner offset=&#8221;vc_col-lg-4 vc_col-md-4 vc_hidden-md vc_hidden-sm vc_hidden-xs&#8221; css=&#8221;.vc_custom_1697538683499{margin-top: -300px !important;}&#8221;]<div class=\"mkdf-elements-holder   mkdf-one-column  mkdf-responsive-mode-768 \" ><div class=\"mkdf-eh-item    \"  data-item-class=\"mkdf-eh-custom-3672\" data-769-1024=\"32% 0 0 28%\" data-680=\"0 12% 0 12%\">\n\t<div class=\"mkdf-eh-item-inner\">\n\t\t<div class=\"mkdf-eh-item-content mkdf-eh-custom-3672\" style=\"padding: 0 0% 0 9%\">\n\t\t\t<div class=\"mkdf-single-image-holder    \" >\n    <div class=\"mkdf-si-inner\" >\n                                    <img decoding=\"async\" width=\"437\" height=\"680\" src=\"https:\/\/lecompostelle-tusson.fr\/wp-content\/uploads\/2022\/12\/Menu_Soir_2-1.jpg\" class=\"attachment-full size-full\" alt=\"\" srcset=\"https:\/\/lecompostelle-tusson.fr\/wp-content\/uploads\/2022\/12\/Menu_Soir_2-1.jpg 437w, https:\/\/lecompostelle-tusson.fr\/wp-content\/uploads\/2022\/12\/Menu_Soir_2-1-193x300.jpg 193w\" sizes=\"(max-width: 437px) 100vw, 437px\" \/>                        <\/div>\n<\/div>\t\t<\/div>\n\t<\/div>\n<\/div><\/div>[\/vc_column_inner][\/vc_row_inner][vc_row_inner css=&#8221;.vc_custom_1697538633861{padding-top: 50px !important;}&#8221;][vc_column_inner offset=&#8221;vc_col-lg-4 vc_col-md-4 vc_hidden-md vc_hidden-sm vc_hidden-xs&#8221; css=&#8221;.vc_custom_1697538687476{margin-top: -500px !important;}&#8221;]<div class=\"mkdf-elements-holder   mkdf-one-column  mkdf-responsive-mode-768 \" ><div class=\"mkdf-eh-item    \"  data-item-class=\"mkdf-eh-custom-8819\" data-769-1024=\"32% 0 0 28%\" data-680=\"0 12% 0 12%\">\n\t<div class=\"mkdf-eh-item-inner\">\n\t\t<div class=\"mkdf-eh-item-content mkdf-eh-custom-8819\" style=\"padding: 0 0% 0 9%\">\n\t\t\t<div class=\"mkdf-single-image-holder    \" >\n    <div class=\"mkdf-si-inner\" >\n                                    <img decoding=\"async\" width=\"247\" height=\"377\" src=\"https:\/\/lecompostelle-tusson.fr\/wp-content\/uploads\/2022\/12\/Menu_Soir_5-1.jpg\" class=\"attachment-full size-full\" alt=\"\" srcset=\"https:\/\/lecompostelle-tusson.fr\/wp-content\/uploads\/2022\/12\/Menu_Soir_5-1.jpg 247w, https:\/\/lecompostelle-tusson.fr\/wp-content\/uploads\/2022\/12\/Menu_Soir_5-1-197x300.jpg 197w\" sizes=\"(max-width: 247px) 100vw, 247px\" \/>                        <\/div>\n<\/div>\t\t<\/div>\n\t<\/div>\n<\/div><\/div>[\/vc_column_inner][vc_column_inner width=&#8221;3\/4&#8243; offset=&#8221;vc_col-lg-4 vc_col-md-4 vc_col-xs-12&#8243;][\/vc_column_inner][vc_column_inner offset=&#8221;vc_col-lg-4 vc_col-md-12 vc_hidden-md vc_hidden-sm vc_col-xs-12 vc_hidden-xs&#8221; css=&#8221;.vc_custom_1697544475498{margin-top: -400px !important;}&#8221;]<div class=\"mkdf-elements-holder   mkdf-one-column  mkdf-responsive-mode-768 \" ><div class=\"mkdf-eh-item    \"  data-item-class=\"mkdf-eh-custom-3252\" data-769-1024=\"32% 0 0 28%\" data-680=\"0 12% 0 12%\">\n\t<div class=\"mkdf-eh-item-inner\">\n\t\t<div class=\"mkdf-eh-item-content mkdf-eh-custom-3252\" style=\"padding: 0 0% 0 9%\">\n\t\t\t<div class=\"mkdf-single-image-holder    \" >\n    <div class=\"mkdf-si-inner\" >\n                                    <img decoding=\"async\" width=\"537\" height=\"312\" src=\"https:\/\/lecompostelle-tusson.fr\/wp-content\/uploads\/2022\/12\/Menu_Soir_3-1.jpg\" class=\"attachment-full size-full\" alt=\"\" srcset=\"https:\/\/lecompostelle-tusson.fr\/wp-content\/uploads\/2022\/12\/Menu_Soir_3-1.jpg 537w, https:\/\/lecompostelle-tusson.fr\/wp-content\/uploads\/2022\/12\/Menu_Soir_3-1-300x174.jpg 300w\" sizes=\"(max-width: 537px) 100vw, 537px\" \/>                        <\/div>\n<\/div>\t\t<\/div>\n\t<\/div>\n<\/div><\/div>[\/vc_column_inner][\/vc_row_inner][vc_row_inner css=&#8221;.vc_custom_1670024075567{padding-top: 50px !important;}&#8221;][vc_column_inner width=&#8221;3\/4&#8243; offset=&#8221;vc_col-lg-3\/5 vc_col-md-12 vc_col-xs-12&#8243;]<div class=\"mkdf-elements-holder   mkdf-one-column  mkdf-responsive-mode-768 \" ><div class=\"mkdf-eh-item    \"  data-item-class=\"mkdf-eh-custom-9673\" data-1367-1600=\"0 0% 0px 25%\" data-1025-1366=\"0 0% 0px 25%\" data-769-1024=\"0 0px 0px 25%\" data-681-768=\"0 0% 0px 25%\" data-680=\"0 5% 0px 5%\">\n\t<div class=\"mkdf-eh-item-inner\">\n\t\t<div class=\"mkdf-eh-item-content mkdf-eh-custom-9673\" style=\"padding: 120px 0% 0 25%\">\n\t\t\t[vc_column_text]<\/p>\n<h3 style=\"margin-bottom: 0;\">TASTING MENU\u2026 <span class=\"price\">\u20ac60<\/span><\/h3>\n<div class=\"vlmenu\"><\/div>\n<p>[\/vc_column_text][vc_column_text css=&#8221;.vc_custom_1704962989898{margin-bottom: 40px !important;}&#8221;]Lentilles givr\u00e9es et Bouillon de Champignons des Bois \u00e0 la Tanaisie<\/p>\n<p>&#8211;<\/p>\n<p>Langoustines, Houmous Potimarron<\/p>\n<p>&#8211;<\/p>\n<p>Turbot r\u00f4ti, scorson\u00e8res, mousse de Champagne<\/p>\n<p>&#8211;<\/p>\n<p>Pigeon et Foie Gras en Croute de Sel<\/p>\n<p>&#8211;<br \/>\nOptional selection of cheeses<br \/>\n<span class=\"supplement\">extra charge \u20ac10<\/span><br \/>\n&#8211;<\/p>\n<p>Souffl\u00e9 Grand Marnier[\/vc_column_text]\t\t<\/div>\n\t<\/div>\n<\/div><\/div>[\/vc_column_inner][vc_column_inner width=&#8221;1\/4&#8243; offset=&#8221;vc_col-lg-2\/5 vc_col-md-12 vc_hidden-md vc_hidden-sm vc_col-xs-12 vc_hidden-xs&#8221; css=&#8221;.vc_custom_1697544348795{margin-top: 150px !important;}&#8221;]<div class=\"mkdf-elements-holder   mkdf-one-column  mkdf-responsive-mode-768 \" ><div class=\"mkdf-eh-item    \"  data-item-class=\"mkdf-eh-custom-4607\" data-769-1024=\"32% 0 0 28%\" data-680=\"0 12% 0 12%\">\n\t<div class=\"mkdf-eh-item-inner\">\n\t\t<div class=\"mkdf-eh-item-content mkdf-eh-custom-4607\" style=\"padding: 0 0% 0 9%\">\n\t\t\t<div class=\"mkdf-single-image-holder    \" >\n    <div class=\"mkdf-si-inner\" style=\"z-index: 10\">\n                                    <img decoding=\"async\" width=\"329\" height=\"571\" src=\"https:\/\/lecompostelle-tusson.fr\/wp-content\/uploads\/2022\/12\/Menu_Midi_4-1.jpg\" class=\"attachment-full size-full\" alt=\"\" srcset=\"https:\/\/lecompostelle-tusson.fr\/wp-content\/uploads\/2022\/12\/Menu_Midi_4-1.jpg 329w, https:\/\/lecompostelle-tusson.fr\/wp-content\/uploads\/2022\/12\/Menu_Midi_4-1-173x300.jpg 173w\" sizes=\"(max-width: 329px) 100vw, 329px\" \/>                        <\/div>\n<\/div>\t\t<\/div>\n\t<\/div>\n<\/div><\/div>[\/vc_column_inner][\/vc_row_inner][vc_row_inner][vc_column_inner offset=&#8221;vc_col-lg-4 vc_col-md-12 vc_col-xs-12&#8243;][\/vc_column_inner][vc_column_inner offset=&#8221;vc_col-lg-4 vc_col-md-12 vc_col-xs-12&#8243;]<div class=\"mkdf-elements-holder   mkdf-one-column  mkdf-responsive-mode-768 \" ><div class=\"mkdf-eh-item    \"  data-item-class=\"mkdf-eh-custom-8318\" data-1367-1600=\"126px 0% 0px 25%\" data-1025-1366=\"126px 0% 0px 25%\" data-769-1024=\"120px 0px 0px 25%\" data-681-768=\"105px 0% 0px 25%\" data-680=\"120px 5% 0px 5%\">\n\t<div class=\"mkdf-eh-item-inner\">\n\t\t<div class=\"mkdf-eh-item-content mkdf-eh-custom-8318\" style=\"padding: 120px 0% 0 25%\">\n\t\t\t[vc_column_text]<\/p>\n<h3>FOOD AND WINE PAIRING<\/h3>\n<div class=\"vlmenu\"><\/div>\n<p>[\/vc_column_text][vc_column_text css=&#8221;.vc_custom_1671549154253{margin-bottom: 40px !important;}&#8221;]A selection of the best food and wine pairings by C\u00e9cile, Ma\u00eetre sommelier, according to your menu.[\/vc_column_text]\t\t<\/div>\n\t<\/div>\n<\/div><\/div>[\/vc_column_inner][vc_column_inner el_class=&#8221;align-img-right&#8221; offset=&#8221;vc_col-lg-4 vc_col-md-12 vc_hidden-md vc_hidden-sm vc_col-xs-12 vc_hidden-xs&#8221;][\/vc_column_inner][\/vc_row_inner][vc_row_inner][vc_column_inner offset=&#8221;vc_col-lg-4 vc_col-md-12 vc_col-xs-12&#8243;][\/vc_column_inner][vc_column_inner offset=&#8221;vc_col-lg-4 vc_col-md-12 vc_col-xs-12&#8243; css=&#8221;.vc_custom_1697544514445{margin-top: -100px !important;}&#8221;]<div class=\"mkdf-elements-holder   mkdf-one-column  mkdf-responsive-mode-768 \" ><div class=\"mkdf-eh-item   mkdf-horizontal-alignment-center \"  data-item-class=\"mkdf-eh-custom-7372\" data-1367-1600=\"0px 0% 0 0%\" data-1025-1366=\"0px 0% 0 0%\" data-769-1024=\"0px 0% 0 0%\" data-681-768=\"0px 0% 0 0%\" data-680=\"0px 0% 0 0%\">\n\t<div class=\"mkdf-eh-item-inner\">\n\t\t<div class=\"mkdf-eh-item-content mkdf-eh-custom-7372\" style=\"padding: 0px 0% 0 0%\">\n\t\t\t[vc_raw_html css=&#8221;.vc_custom_1697637984621{margin-top: 100px !important;}&#8221;]JTNDYSUyMGhyZWYlM0QlMjJodHRwcyUzQSUyRiUyRmNvbXBvc3RlbGxlLnN0YWdpbmc0Mi5vdmglMkZlbiUyRm9mZmVyJTJGJTIyJTIwdGFyZ2V0JTNEJTIyX3NlbGYlMjIlMjBjbGFzcyUzRCUyMm1rZGYtYnRuJTIwbWtkZi1idG4tbWVkaXVtJTIwbWtkZi1idG4tc2ltcGxlJTIyJTIwc3R5bGUlM0QlMjJtYXJnaW4tcmlnaHQlM0ExMCUyNSUzQiUyMiUzRSUwQSUwOSUyMCUyMCUyMCUyMCUyMCUyMCUyMCUyMCUzQ3NwYW4lMjBjbGFzcyUzRCUyMm1rZGYtYnRuLWxpbmUlMjIlM0UlM0MlMkZzcGFuJTNFJTBBJTA5JTIwJTIwJTIwJTIwJTNDc3BhbiUyMGNsYXNzJTNEJTIybWtkZi1idG4tdGV4dCUyMiUzRVRPJTIwT0ZGRVIlM0MlMkZzcGFuJTNFJTBBJTIwJTIwJTIwJTIwJTNDJTJGYSUzRSUzQ2ElMjBocmVmJTNEJTIyaHR0cHMlM0ElMkYlMkZjb21wb3N0ZWxsZS5zdGFnaW5nNDIub3ZoJTJGZW4lMkZib29rJTJGJTIyJTIwdGFyZ2V0JTNEJTIyX3NlbGYlMjIlMjBjbGFzcyUzRCUyMm1rZGYtYnRuJTIwbWtkZi1idG4tbWVkaXVtJTIwbWtkZi1idG4tc2ltcGxlJTIyJTNFJTBBJTA5JTIwJTIwJTIwJTIwJTIwJTIwJTIwJTIwJTNDc3BhbiUyMGNsYXNzJTNEJTIybWtkZi1idG4tbGluZSUyMiUzRSUzQyUyRnNwYW4lM0UlMEElMDklMjAlMjAlMjAlMjAlM0NzcGFuJTIwY2xhc3MlM0QlMjJta2RmLWJ0bi10ZXh0JTIyJTNFQk9PS0lORyUzQyUyRnNwYW4lM0UlMEElMjAlMjAlMjAlMjAlM0MlMkZhJTNF[\/vc_raw_html]\t\t<\/div>\n\t<\/div>\n<\/div><\/div>[\/vc_column_inner][vc_column_inner el_class=&#8221;align-img-right&#8221; offset=&#8221;vc_col-lg-4 vc_col-md-12 vc_hidden-sm vc_col-xs-12 vc_hidden-xs&#8221;][\/vc_column_inner][\/vc_row_inner][vc_empty_space height=&#8221;100px&#8221;][\/vc_column][\/vc_row][vc_row][vc_column][vc_empty_space height=&#8221;100px&#8221;][\/vc_column][\/vc_row]<\/p>\n<\/section>","protected":false},"excerpt":{"rendered":"<p>[vc_row][vc_column offset=&#8221;vc_hidden-xs&#8221;][\/vc_column][\/vc_row][vc_row disable_background_image=&#8221;&#8221; simple_background_image=&#8221;3376&#8243; background_image_position=&#8221;top center&#8221; css=&#8221;.vc_custom_1670028200748{margin-top: 100px !important;}&#8221;][vc_column][vc_empty_space height=&#8221;74px&#8221;][vc_row_inner][vc_column_inner offset=&#8221;vc_col-lg-4 vc_col-md-4 vc_hidden-sm vc_col-xs-12 vc_hidden-xs&#8221;][\/vc_column_inner][vc_column_inner offset=&#8221;vc_col-lg-4 vc_col-md-offset-0 vc_col-md-4 vc_col-xs-12&#8243;][vc_column_text] THE EVENING &amp; SUNDAY EXPERIENCE The Pr\u00e9mices and D\u00e9gustation menus change according to seasonal products, deliveries and the Chef&#8217;s imagination. [\/vc_column_text][\/vc_column_inner][vc_column_inner [&hellip;]<\/p>\n","protected":false},"author":1,"featured_media":0,"parent":0,"menu_order":0,"comment_status":"closed","ping_status":"closed","template":"full-width.php","meta":{"inline_featured_image":false,"footnotes":""},"class_list":["post-4485","page","type-page","status-publish","hentry"],"yoast_head":"<!-- This site is optimized with the Yoast SEO plugin v21.9.1 - https:\/\/yoast.com\/wordpress\/plugins\/seo\/ -->\n<title>Evening and Sunday Menu - Le compostelle<\/title>\n<meta name=\"robots\" content=\"index, follow, max-snippet:-1, max-image-preview:large, max-video-preview:-1\" \/>\n<link rel=\"canonical\" href=\"https:\/\/lecompostelle-tusson.fr\/en\/evening-and-sunday-menu\/\" \/>\n<meta property=\"og:locale\" content=\"en_US\" \/>\n<meta property=\"og:type\" content=\"article\" \/>\n<meta property=\"og:title\" content=\"Evening and Sunday Menu - Le compostelle\" \/>\n<meta property=\"og:description\" content=\"[vc_row][vc_column offset=&#8221;vc_hidden-xs&#8221;][\/vc_column][\/vc_row][vc_row disable_background_image=&#8221;&#8221; simple_background_image=&#8221;3376&#8243; background_image_position=&#8221;top center&#8221; css=&#8221;.vc_custom_1670028200748{margin-top: 100px !important;}&#8221;][vc_column][vc_empty_space height=&#8221;74px&#8221;][vc_row_inner][vc_column_inner offset=&#8221;vc_col-lg-4 vc_col-md-4 vc_hidden-sm vc_col-xs-12 vc_hidden-xs&#8221;][\/vc_column_inner][vc_column_inner offset=&#8221;vc_col-lg-4 vc_col-md-offset-0 vc_col-md-4 vc_col-xs-12&#8243;][vc_column_text] THE EVENING &amp; SUNDAY EXPERIENCE The Pr\u00e9mices and D\u00e9gustation menus change according to seasonal products, deliveries and the Chef&#8217;s imagination. [\/vc_column_text][\/vc_column_inner][vc_column_inner [&hellip;]\" \/>\n<meta property=\"og:url\" content=\"https:\/\/lecompostelle-tusson.fr\/en\/evening-and-sunday-menu\/\" \/>\n<meta property=\"og:site_name\" content=\"Le compostelle\" \/>\n<meta property=\"article:modified_time\" content=\"2024-01-11T08:49:52+00:00\" \/>\n<meta name=\"twitter:card\" content=\"summary_large_image\" \/>\n<meta name=\"twitter:label1\" content=\"Est. reading time\" \/>\n\t<meta name=\"twitter:data1\" content=\"3 minutes\" \/>\n<script type=\"application\/ld+json\" class=\"yoast-schema-graph\">{\"@context\":\"https:\/\/schema.org\",\"@graph\":[{\"@type\":\"WebPage\",\"@id\":\"https:\/\/lecompostelle-tusson.fr\/en\/evening-and-sunday-menu\/\",\"url\":\"https:\/\/lecompostelle-tusson.fr\/en\/evening-and-sunday-menu\/\",\"name\":\"Evening and Sunday Menu - Le compostelle\",\"isPartOf\":{\"@id\":\"https:\/\/lecompostelle-tusson.fr\/en\/#website\"},\"datePublished\":\"2022-12-03T01:00:48+00:00\",\"dateModified\":\"2024-01-11T08:49:52+00:00\",\"breadcrumb\":{\"@id\":\"https:\/\/lecompostelle-tusson.fr\/en\/evening-and-sunday-menu\/#breadcrumb\"},\"inLanguage\":\"en-US\",\"potentialAction\":[{\"@type\":\"ReadAction\",\"target\":[\"https:\/\/lecompostelle-tusson.fr\/en\/evening-and-sunday-menu\/\"]}]},{\"@type\":\"BreadcrumbList\",\"@id\":\"https:\/\/lecompostelle-tusson.fr\/en\/evening-and-sunday-menu\/#breadcrumb\",\"itemListElement\":[{\"@type\":\"ListItem\",\"position\":1,\"name\":\"Accueil\",\"item\":\"https:\/\/lecompostelle-tusson.fr\/en\/\"},{\"@type\":\"ListItem\",\"position\":2,\"name\":\"Evening and Sunday Menu\"}]},{\"@type\":\"WebSite\",\"@id\":\"https:\/\/lecompostelle-tusson.fr\/en\/#website\",\"url\":\"https:\/\/lecompostelle-tusson.fr\/en\/\",\"name\":\"Le compostelle\",\"description\":\"\",\"potentialAction\":[{\"@type\":\"SearchAction\",\"target\":{\"@type\":\"EntryPoint\",\"urlTemplate\":\"https:\/\/lecompostelle-tusson.fr\/en\/?s={search_term_string}\"},\"query-input\":\"required name=search_term_string\"}],\"inLanguage\":\"en-US\"}]}<\/script>\n<!-- \/ Yoast SEO plugin. -->","yoast_head_json":{"title":"Evening and Sunday Menu - Le compostelle","robots":{"index":"index","follow":"follow","max-snippet":"max-snippet:-1","max-image-preview":"max-image-preview:large","max-video-preview":"max-video-preview:-1"},"canonical":"https:\/\/lecompostelle-tusson.fr\/en\/evening-and-sunday-menu\/","og_locale":"en_US","og_type":"article","og_title":"Evening and Sunday Menu - Le compostelle","og_description":"[vc_row][vc_column offset=&#8221;vc_hidden-xs&#8221;][\/vc_column][\/vc_row][vc_row disable_background_image=&#8221;&#8221; simple_background_image=&#8221;3376&#8243; background_image_position=&#8221;top center&#8221; css=&#8221;.vc_custom_1670028200748{margin-top: 100px !important;}&#8221;][vc_column][vc_empty_space height=&#8221;74px&#8221;][vc_row_inner][vc_column_inner offset=&#8221;vc_col-lg-4 vc_col-md-4 vc_hidden-sm vc_col-xs-12 vc_hidden-xs&#8221;][\/vc_column_inner][vc_column_inner offset=&#8221;vc_col-lg-4 vc_col-md-offset-0 vc_col-md-4 vc_col-xs-12&#8243;][vc_column_text] THE EVENING &amp; SUNDAY EXPERIENCE The Pr\u00e9mices and D\u00e9gustation menus change according to seasonal products, deliveries and the Chef&#8217;s imagination. [\/vc_column_text][\/vc_column_inner][vc_column_inner [&hellip;]","og_url":"https:\/\/lecompostelle-tusson.fr\/en\/evening-and-sunday-menu\/","og_site_name":"Le compostelle","article_modified_time":"2024-01-11T08:49:52+00:00","twitter_card":"summary_large_image","twitter_misc":{"Est. reading time":"3 minutes"},"schema":{"@context":"https:\/\/schema.org","@graph":[{"@type":"WebPage","@id":"https:\/\/lecompostelle-tusson.fr\/en\/evening-and-sunday-menu\/","url":"https:\/\/lecompostelle-tusson.fr\/en\/evening-and-sunday-menu\/","name":"Evening and Sunday Menu - Le compostelle","isPartOf":{"@id":"https:\/\/lecompostelle-tusson.fr\/en\/#website"},"datePublished":"2022-12-03T01:00:48+00:00","dateModified":"2024-01-11T08:49:52+00:00","breadcrumb":{"@id":"https:\/\/lecompostelle-tusson.fr\/en\/evening-and-sunday-menu\/#breadcrumb"},"inLanguage":"en-US","potentialAction":[{"@type":"ReadAction","target":["https:\/\/lecompostelle-tusson.fr\/en\/evening-and-sunday-menu\/"]}]},{"@type":"BreadcrumbList","@id":"https:\/\/lecompostelle-tusson.fr\/en\/evening-and-sunday-menu\/#breadcrumb","itemListElement":[{"@type":"ListItem","position":1,"name":"Accueil","item":"https:\/\/lecompostelle-tusson.fr\/en\/"},{"@type":"ListItem","position":2,"name":"Evening and Sunday Menu"}]},{"@type":"WebSite","@id":"https:\/\/lecompostelle-tusson.fr\/en\/#website","url":"https:\/\/lecompostelle-tusson.fr\/en\/","name":"Le compostelle","description":"","potentialAction":[{"@type":"SearchAction","target":{"@type":"EntryPoint","urlTemplate":"https:\/\/lecompostelle-tusson.fr\/en\/?s={search_term_string}"},"query-input":"required name=search_term_string"}],"inLanguage":"en-US"}]}},"_links":{"self":[{"href":"https:\/\/lecompostelle-tusson.fr\/en\/wp-json\/wp\/v2\/pages\/4485","targetHints":{"allow":["GET"]}}],"collection":[{"href":"https:\/\/lecompostelle-tusson.fr\/en\/wp-json\/wp\/v2\/pages"}],"about":[{"href":"https:\/\/lecompostelle-tusson.fr\/en\/wp-json\/wp\/v2\/types\/page"}],"author":[{"embeddable":true,"href":"https:\/\/lecompostelle-tusson.fr\/en\/wp-json\/wp\/v2\/users\/1"}],"replies":[{"embeddable":true,"href":"https:\/\/lecompostelle-tusson.fr\/en\/wp-json\/wp\/v2\/comments?post=4485"}],"version-history":[{"count":0,"href":"https:\/\/lecompostelle-tusson.fr\/en\/wp-json\/wp\/v2\/pages\/4485\/revisions"}],"wp:attachment":[{"href":"https:\/\/lecompostelle-tusson.fr\/en\/wp-json\/wp\/v2\/media?parent=4485"}],"curies":[{"name":"wp","href":"https:\/\/api.w.org\/{rel}","templated":true}]}}